{"id":40850,"date":"2025-10-18T09:51:26","date_gmt":"2025-10-18T13:51:26","guid":{"rendered":"\/bundle-bravenly-kids-pack\/"},"modified":"2025-12-19T16:23:17","modified_gmt":"2025-12-19T21:23:17","slug":"bundle-bravenly-kids-pack","status":"publish","type":"page","link":"\/es\/bundle-bravenly-kids-pack\/","title":{"rendered":"BUNDLE | BRAVENLY KIDS PACK"},"content":{"rendered":"<p>[et_pb_section fb_built=&#8221;1&#8243; specialty=&#8221;on&#8221; _builder_version=&#8221;4.27.0&#8243; _module_preset=&#8221;default&#8221; min_height=&#8221;641.7px&#8221; custom_margin=&#8221;||-2px|||&#8221; custom_padding=&#8221;||40px|||&#8221; global_colors_info=&#8221;{}&#8221;][et_pb_column type=&#8221;1_2&#8243; _builder_version=&#8221;4.16&#8243; custom_padding=&#8221;|||&#8221; global_colors_info=&#8221;{}&#8221; custom_padding__hover=&#8221;|||&#8221;][et_pb_gallery gallery_ids=&#8221;35203,35198,35188,35193,35208&#8243; fullwidth=&#8221;on&#8221; _builder_version=&#8221;4.27.4&#8243; _module_preset=&#8221;default&#8221; min_height=&#8221;557.6px&#8221; custom_margin=&#8221;||-164px|||&#8221; custom_padding=&#8221;||2px|||&#8221; global_colors_info=&#8221;{}&#8221;][\/et_pb_gallery][\/et_pb_column][et_pb_column type=&#8221;1_2&#8243; specialty_columns=&#8221;2&#8243; _builder_version=&#8221;4.16&#8243; custom_padding=&#8221;|||&#8221; global_colors_info=&#8221;{}&#8221; custom_padding__hover=&#8221;|||&#8221;][et_pb_row_inner _builder_version=&#8221;4.16&#8243; _module_preset=&#8221;default&#8221; min_height=&#8221;622.9px&#8221; custom_margin=&#8221;119px||-1px|||&#8221; collapsed=&#8221;off&#8221; global_colors_info=&#8221;{}&#8221;][et_pb_column_inner saved_specialty_column_type=&#8221;1_2&#8243; _builder_version=&#8221;4.16&#8243; _module_preset=&#8221;default&#8221; global_colors_info=&#8221;{}&#8221;][et_pb_text _builder_version=&#8221;4.27.4&#8243; _module_preset=&#8221;default&#8221; header_text_color=&#8221;#000000&#8243; locked=&#8221;off&#8221; global_colors_info=&#8221;{}&#8221;]<\/p>\n<h1><strong>PAQUETE BRAVENLY KIDS PACK<\/strong><\/h1>\n<p>[\/et_pb_text][et_pb_tabs _builder_version=&#8221;4.27.4&#8243; _module_preset=&#8221;default&#8221; locked=&#8221;off&#8221; global_colors_info=&#8221;{}&#8221;][et_pb_tab title=&#8221;DESCRIPCI\u00d3N&#8221; _builder_version=&#8221;4.27.4&#8243; _module_preset=&#8221;default&#8221; body_font=&#8221;Lato||||||||&#8221; body_text_color=&#8221;#000000&#8243; tab_font=&#8221;Lato|&#8211;et_global_heading_font_weight|||||||&#8221; tab_text_color=&#8221;#000000&#8243; global_colors_info=&#8221;{}&#8221;]<\/p>\n<p>\u00a1Haz que los h\u00e1bitos saludables sean divertidos desde el principio! \u00a1El Paquete Bravenly Kids es la manera perfecta de reunir bienestar, creatividad y alegr\u00eda! \u00a1El Paquete Bravenly Kids re\u00fane bienestar, creatividad y alegr\u00eda!  <\/p>\n<p>[\/et_pb_tab][et_pb_tab title=&#8221;PRODUCTOS&#8221; content_tablet=&#8221;<\/p>\n<p><strong><span class=%22a_GcMg font-feature-liga-off font-feature-clig-off font-feature-calt-off text-decoration-none text-strikethrough-none%22>CAJA PARA COLOREAR PERSONALIZADA DE MIGHTY MIX:<\/span><\/strong><span class=%22a_GcMg font-feature-liga-off font-feature-clig-off font-feature-calt-off text-decoration-none text-strikethrough-none%22> Los ni\u00f1os pueden colorearla, decorarla y hacerla suya. Adem\u00e1s, forma parte de nuestro Concurso de Coloreo Bravenly Kids, donde podr\u00e1n participar por la oportunidad de ganar 6 frascos \u2014 medio a\u00f1o de suministro de Mighty Mix.z<\/span><\/p>\n<p><strong>KIDS MIGHTY MIX: <\/strong>Disfruta 5 frascos de Bravenly Mighty Mix, una deliciosa mezcla creada para los ni\u00f1os y llena de frutas, verduras, vitaminas y minerales, que hace que los h\u00e1bitos saludables sean divertidos y les da a los padres tranquilidad en cada sorbo.<\/p>\n<p><strong>CRAYONES BRAVENLY: <\/strong>Este paquete incluye una caja de crayones Bravenly para que le des color a tu mundo. Estos coloridos crayones hacen que la creatividad sea parte de cada d\u00eda saludable. <\/p>\n<p><strong>JUGUETE ANTIESTR\u00c9S POP-IT BRAVENLY KIDS: <\/strong>\u00a1Presiona, juega y rel\u00e1jate! Este juguete antiestr\u00e9s personalizado de Bravenly mantiene las manitas ocupadas y las sonrisas encendidas. <\/p>\n<\/p>\n<p>&#8221; content_phone=&#8221;<\/p>\n<p><strong><span class=%22a_GcMg font-feature-liga-off font-feature-clig-off font-feature-calt-off text-decoration-none text-strikethrough-none%22>CAJA PARA COLOREAR PERSONALIZADA DE MIGHTY MIX:<\/span><\/strong><span class=%22a_GcMg font-feature-liga-off font-feature-clig-off font-feature-calt-off text-decoration-none text-strikethrough-none%22> Los ni\u00f1os pueden colorearla, decorarla y hacerla suya. Adem\u00e1s, forma parte de nuestro Concurso de Coloreo Bravenly Kids, donde podr\u00e1n participar por la oportunidad de ganar 6 frascos \u2014 medio a\u00f1o de suministro de Mighty Mix.z<\/span><\/p>\n<p><strong>KIDS MIGHTY MIX: <\/strong>Disfruta 5 frascos de Bravenly Mighty Mix, una deliciosa mezcla creada para los ni\u00f1os y llena de frutas, verduras, vitaminas y minerales, que hace que los h\u00e1bitos saludables sean divertidos y les da a los padres tranquilidad en cada sorbo.<\/p>\n<p><strong>CRAYONES BRAVENLY: <\/strong>Este paquete incluye una caja de crayones Bravenly para que le des color a tu mundo. Estos coloridos crayones hacen que la creatividad sea parte de cada d\u00eda saludable. <\/p>\n<p><strong>JUGUETE ANTIESTR\u00c9S POP-IT BRAVENLY KIDS: <\/strong>\u00a1Presiona, juega y rel\u00e1jate! Este juguete antiestr\u00e9s personalizado de Bravenly mantiene las manitas ocupadas y las sonrisas encendidas. <\/p>\n<\/p>\n<p>&#8221; content_last_edited=&#8221;on|desktop&#8221; _builder_version=&#8221;4.27.4&#8243; _module_preset=&#8221;default&#8221; body_font=&#8221;Lato||||||||&#8221; body_text_color=&#8221;#000000&#8243; tab_font=&#8221;Lato|&#8211;et_global_body_font_weight|||||||&#8221; tab_text_color=&#8221;#000000&#8243; global_colors_info=&#8221;{}&#8221;]<\/p>\n<p><strong><span class=\"a_GcMg font-feature-liga-off font-feature-clig-off font-feature-calt-off text-decoration-none text-strikethrough-none\">CAJA PARA COLOREAR PERSONALIZADA DE MIGHTY MIX:<\/span><\/strong><span class=\"a_GcMg font-feature-liga-off font-feature-clig-off font-feature-calt-off text-decoration-none text-strikethrough-none\"> Los ni\u00f1os pueden colorearla, decorarla y hacerla suya. Adem\u00e1s, forma parte de nuestro Concurso de Coloreo Bravenly Kids, donde podr\u00e1n participar por la oportunidad de ganar 6 frascos \u2014 medio a\u00f1o de suministro de Mighty Mix.z<\/span><\/p>\n<p><strong>KIDS MIGHTY MIX: <\/strong>Disfruta 5 frascos de Bravenly Mighty Mix, una deliciosa mezcla creada para los ni\u00f1os y llena de frutas, verduras, vitaminas y minerales, que hace que los h\u00e1bitos saludables sean divertidos y les da a los padres tranquilidad en cada sorbo.<\/p>\n<p><strong>CRAYONES BRAVENLY: <\/strong>Este paquete incluye una caja de crayones Bravenly para que le des color a tu mundo. Estos coloridos crayones hacen que la creatividad sea parte de cada d\u00eda saludable. <\/p>\n<p><strong>JUGUETE ANTIESTR\u00c9S POP-IT BRAVENLY KIDS: <\/strong>\u00a1Presiona, juega y rel\u00e1jate! Este juguete antiestr\u00e9s personalizado de Bravenly mantiene las manitas ocupadas y las sonrisas encendidas. <\/p>\n<p>&nbsp;<\/p>\n<p>[\/et_pb_tab][\/et_pb_tabs][et_pb_text _builder_version=&#8221;4.27.4&#8243; _module_preset=&#8221;default&#8221; text_font=&#8221;Lato|300|||||||&#8221; text_text_color=&#8221;#000000&#8243; text_font_size=&#8221;16px&#8221; text_line_height=&#8221;1.5em&#8221; header_font=&#8221;Tenor Sans|700|||||||&#8221; header_text_color=&#8221;#000000&#8243; header_font_size=&#8221;24px&#8221; header_line_height=&#8221;1.5em&#8221; min_height=&#8221;95px&#8221; custom_margin=&#8221;3px|10px|10px|10px|false|false&#8221; custom_padding=&#8221;10px|10px|10px||false|false&#8221; locked=&#8221;off&#8221; global_colors_info=&#8221;{}&#8221;]<\/p>\n<p><strong>USD$274.95 AL POR MENOR<\/strong><\/p>\n<p><strong>USD$247.45 VIP<\/strong><\/p>\n<p>[\/et_pb_text][et_pb_button button_url=&#8221;https:\/\/shop.bydesign.com\/Bravenly\/#\/shop\/detail\/MIGHTYBOX\/from\/&#8221; button_text=&#8221;A\u00d1ADIR AL CARRITO&#8221; button_alignment=&#8221;left&#8221; _builder_version=&#8221;4.27.4&#8243; _module_preset=&#8221;default&#8221; custom_button=&#8221;on&#8221; button_text_size=&#8221;16px&#8221; button_text_color=&#8221;#000000&#8243; button_border_color=&#8221;#000000&#8243; button_font=&#8221;Lato||||||||&#8221; locked=&#8221;off&#8221; global_colors_info=&#8221;{}&#8221;][\/et_pb_button][\/et_pb_column_inner][\/et_pb_row_inner][\/et_pb_column][\/et_pb_section][et_pb_section fb_built=&#8221;1&#8243; _builder_version=&#8221;4.27.4&#8243; background_enable_image=&#8221;off&#8221; background_position=&#8221;bottom_center&#8221; min_height=&#8221;116px&#8221; custom_margin=&#8221;3px||-100px||false|false&#8221; custom_padding=&#8221;5px|0px|48px|0px||&#8221; hover_transition_duration=&#8221;150ms&#8221; scroll_vertical_motion=&#8221;0|50|50|100|-1|0|-4&#8243; locked=&#8221;off&#8221; global_colors_info=&#8221;{}&#8221;][et_pb_row column_structure=&#8221;1_2,1_2&#8243; admin_label=&#8221;CTA Row&#8221; _builder_version=&#8221;4.27.4&#8243; min_height=&#8221;525px&#8221; custom_margin=&#8221;47px|auto|1px|auto||&#8221; custom_padding=&#8221;51px||0px|||&#8221; scroll_fade=&#8221;0|10|10|100|0|100|100&#8243; global_colors_info=&#8221;{}&#8221;][et_pb_column type=&#8221;1_2&#8243; _builder_version=&#8221;4.16&#8243; background_enable_image=&#8221;off&#8221; custom_padding=&#8221;|||&#8221; global_colors_info=&#8221;{}&#8221; custom_padding__hover=&#8221;|||&#8221;][et_pb_image src=&#8221;\/wp-content\/uploads\/2025\/10\/IMG_1921.jpg&#8221; alt=&#8221;Product in lunch box&#8221; title_text=&#8221;Product in Lunch Box&#8221; align=&#8221;center&#8221; src_tablet=&#8221;\/wp-content\/uploads\/2025\/10\/IMG_1921.jpg&#8221; src_phone=&#8221;\/wp-content\/uploads\/2025\/10\/IMG_1921.jpg&#8221; src_last_edited=&#8221;on|phone&#8221; align_tablet=&#8221;center&#8221; align_phone=&#8221;&#8221; align_last_edited=&#8221;on|desktop&#8221; admin_label=&#8221;Cleanses Image&#8221; _builder_version=&#8221;4.27.4&#8243; min_height=&#8221;438px&#8221; min_height_tablet=&#8221;&#8221; min_height_phone=&#8221;244px&#8221; min_height_last_edited=&#8221;on|phone&#8221; height=&#8221;220px&#8221; custom_margin=&#8221;5px||45px||false|false&#8221; custom_padding=&#8221;|5px|50px|5px|false|false&#8221; scroll_fade=&#8221;0|10|10|100|0|100|100&#8243; global_colors_info=&#8221;{}&#8221;][\/et_pb_image][\/et_pb_column][et_pb_column type=&#8221;1_2&#8243; _builder_version=&#8221;4.16&#8243; custom_padding=&#8221;|||&#8221; global_colors_info=&#8221;{}&#8221; custom_padding__hover=&#8221;|||&#8221;][et_pb_cta title=&#8221;POR QU\u00c9 HEMOS CREADO BRAVENLY BUNDLES&#8221; button_url=&#8221;\/es\/packages-and-offers\/&#8221; url_new_window=&#8221;on&#8221; admin_label=&#8221;Title, Paragraph &amp; Call To Action&#8221; _builder_version=&#8221;4.27.4&#8243; header_font=&#8221;Tenor Sans|||on|||||&#8221; header_text_color=&#8221;#000000&#8243; header_font_size=&#8221;28px&#8221; header_line_height=&#8221;1.5em&#8221; body_font=&#8221;Lato||||||||&#8221; body_text_color=&#8221;#000000&#8243; body_font_size=&#8221;16px&#8221; body_line_height=&#8221;1.5em&#8221; use_background_color=&#8221;off&#8221; custom_button=&#8221;on&#8221; button_text_size=&#8221;16px&#8221; button_text_color=&#8221;#000000&#8243; button_border_color=&#8221;#000000&#8243; button_font=&#8221;Lato||||||||&#8221; text_orientation=&#8221;left&#8221; background_layout=&#8221;light&#8221; min_height=&#8221;386px&#8221; custom_margin=&#8221;-8px||||false|false&#8221; custom_margin_tablet=&#8221;0px|||&#8221; custom_margin_phone=&#8221;5px||20px||false|false&#8221; custom_margin_last_edited=&#8221;on|tablet&#8221; custom_padding=&#8221;||0px||false|false&#8221; custom_padding_tablet=&#8221;&#8221; custom_padding_phone=&#8221;5px||18px||false|false&#8221; custom_padding_last_edited=&#8221;on|phone&#8221; link_option_url_new_window=&#8221;on&#8221; scroll_fade=&#8221;0|10|10|100|0|100|100&#8243; button_text_color_hover=&#8221;#ffffff&#8221; button_border_color_hover=&#8221;rgba(0,0,0,0)&#8221; button_border_radius_hover=&#8221;28px&#8221; button_letter_spacing_hover=&#8221;2px&#8221; button_bg_color_hover=&#8221;rgba(0,0,0,0.7)&#8221; global_colors_info=&#8221;{}&#8221; button_text_size__hover_enabled=&#8221;off&#8221; button_one_text_size__hover_enabled=&#8221;off&#8221; button_two_text_size__hover_enabled=&#8221;off&#8221; button_text_color__hover_enabled=&#8221;on&#8221; button_text_color__hover=&#8221;#ffffff&#8221; button_one_text_color__hover_enabled=&#8221;off&#8221; button_two_text_color__hover_enabled=&#8221;off&#8221; button_border_width__hover_enabled=&#8221;off&#8221; button_one_border_width__hover_enabled=&#8221;off&#8221; button_two_border_width__hover_enabled=&#8221;off&#8221; button_border_color__hover_enabled=&#8221;on&#8221; button_border_color__hover=&#8221;rgba(0,0,0,0)&#8221; button_one_border_color__hover_enabled=&#8221;off&#8221; button_two_border_color__hover_enabled=&#8221;off&#8221; button_border_radius__hover_enabled=&#8221;on&#8221; button_border_radius__hover=&#8221;28px&#8221; button_one_border_radius__hover_enabled=&#8221;off&#8221; button_two_border_radius__hover_enabled=&#8221;off&#8221; button_letter_spacing__hover_enabled=&#8221;on&#8221; button_letter_spacing__hover=&#8221;2px&#8221; button_one_letter_spacing__hover_enabled=&#8221;off&#8221; button_two_letter_spacing__hover_enabled=&#8221;off&#8221; button_bg_color__hover_enabled=&#8221;on&#8221; button_bg_color__hover=&#8221;rgba(0,0,0,0.7)&#8221; button_one_bg_color__hover_enabled=&#8221;off&#8221; button_two_bg_color__hover_enabled=&#8221;off&#8221;]<\/p>\n<p><span class=\"JsGRdQ\">Esto hace que combinar los productos perfectos sea mucho m\u00e1s f\u00e1cil y barato para TI.<\/span><\/p>\n<p>Cada paquete se adapta a sus objetivos espec\u00edficos y a lo que es mejor para su rutina y estilo de vida.<\/p>\n<p>Hemos emparejado algunas de las combinaciones de productos m\u00e1s populares de nuestros clientes m\u00e1s frecuentes, \u00a1para que sepas en qu\u00e9 combinaciones puedes confiar!<\/p>\n<p>Por \u00faltimo, pero no por ello menos importante, hemos calculado la cantidad correcta de porciones de producto que necesita por paquete, \u00a1para que pueda tener la cantidad correcta de suministro hasta que necesite volver a hacer un pedido!<\/p>\n<p>(Suscr\u00edbase a nuestro Easy-Ship para asegurarse de recibir sus productos a tiempo todos los meses).<\/p>\n<p>[\/et_pb_cta][et_pb_button button_url=&#8221;\/es\/packages-and-offers\/&#8221; url_new_window=&#8221;on&#8221; button_text=&#8221;COMPRA TODOS LOS PAQUETES&#8221; button_alignment=&#8221;left&#8221; _builder_version=&#8221;4.27.4&#8243; _module_preset=&#8221;default&#8221; custom_button=&#8221;on&#8221; button_text_size=&#8221;16px&#8221; button_text_color=&#8221;#000000&#8243; button_border_color=&#8221;#000000&#8243; button_font=&#8221;Lato||||||||&#8221; custom_margin=&#8221;||43px|||&#8221; locked=&#8221;off&#8221; global_colors_info=&#8221;{}&#8221;][\/et_pb_button][\/et_pb_column][\/et_pb_row][\/et_pb_section][et_pb_section fb_built=&#8221;1&#8243; _builder_version=&#8221;4.16&#8243; _module_preset=&#8221;default&#8221; custom_padding=&#8221;||1px|||&#8221; global_colors_info=&#8221;{}&#8221;][et_pb_row _builder_version=&#8221;4.16&#8243; _module_preset=&#8221;default&#8221; min_height=&#8221;55.9px&#8221; custom_padding=&#8221;11px|||||&#8221; global_colors_info=&#8221;{}&#8221;][et_pb_column type=&#8221;4_4&#8243; _builder_version=&#8221;4.16&#8243; _module_preset=&#8221;default&#8221; global_colors_info=&#8221;{}&#8221;][et_pb_text _builder_version=&#8221;4.16&#8243; _module_preset=&#8221;default&#8221; text_font=&#8221;Lato||||||||&#8221; text_text_color=&#8221;#000000&#8243; text_font_size=&#8221;19px&#8221; border_width_all=&#8221;2px&#8221; global_colors_info=&#8221;{}&#8221;]\u2020Estas afirmaciones no han sido evaluadas por la Food and Drug Administration (FDA). Este producto no est\u00e1 destinado a diagnosticar, tratar, curar o prevenir ninguna enfermedad.[\/et_pb_text][\/et_pb_column][\/et_pb_row][\/et_pb_section]<\/p>\n","protected":false},"excerpt":{"rendered":"<p>PAQUETE BRAVENLY KIDS PACK\u00a1Haz que los h\u00e1bitos saludables sean divertidos desde el principio! \u00a1El Paquete Bravenly Kids es la manera perfecta de reunir bienestar, creatividad y alegr\u00eda! \u00a1El Paquete Bravenly Kids re\u00fane bienestar, creatividad y alegr\u00eda! CAJA PARA COLOREAR PERSONALIZADA DE MIGHTY MIX: Los ni\u00f1os pueden colorearla, decorarla y hacerla suya. Adem\u00e1s, forma parte de [&hellip;]<\/p>\n","protected":false},"author":191432663,"featured_media":0,"parent":0,"menu_order":0,"comment_status":"closed","ping_status":"closed","template":"","meta":{"_et_pb_use_builder":"on","_et_pb_old_content":"","_et_gb_content_width":"","_coblocks_attr":"","_coblocks_dimensions":"","_coblocks_responsive_height":"","_coblocks_accordion_ie_support":"","footnotes":""},"class_list":["post-40850","page","type-page","status-publish","hentry"],"_links":{"self":[{"href":"https:\/\/brandiwallenberg.bravenlyglobal.com\/es\/wp-json\/wp\/v2\/pages\/40850","targetHints":{"allow":["GET"]}}],"collection":[{"href":"https:\/\/brandiwallenberg.bravenlyglobal.com\/es\/wp-json\/wp\/v2\/pages"}],"about":[{"href":"https:\/\/brandiwallenberg.bravenlyglobal.com\/es\/wp-json\/wp\/v2\/types\/page"}],"author":[{"embeddable":true,"href":"https:\/\/brandiwallenberg.bravenlyglobal.com\/es\/wp-json\/wp\/v2\/users\/191432663"}],"replies":[{"embeddable":true,"href":"https:\/\/brandiwallenberg.bravenlyglobal.com\/es\/wp-json\/wp\/v2\/comments?post=40850"}],"version-history":[{"count":5,"href":"https:\/\/brandiwallenberg.bravenlyglobal.com\/es\/wp-json\/wp\/v2\/pages\/40850\/revisions"}],"predecessor-version":[{"id":40857,"href":"https:\/\/brandiwallenberg.bravenlyglobal.com\/es\/wp-json\/wp\/v2\/pages\/40850\/revisions\/40857"}],"wp:attachment":[{"href":"https:\/\/brandiwallenberg.bravenlyglobal.com\/es\/wp-json\/wp\/v2\/media?parent=40850"}],"curies":[{"name":"wp","href":"https:\/\/api.w.org\/{rel}","templated":true}]}}